{"id":8,"date":"2009-06-02T11:42:56","date_gmt":"2009-06-02T09:42:56","guid":{"rendered":"http:\/\/detmarovice.casd.cz\/?page_id=8"},"modified":"2024-05-05T12:48:44","modified_gmt":"2024-05-05T10:48:44","slug":"kontakt","status":"publish","type":"page","link":"https:\/\/karlovyvary.casd.cz\/?page_id=8","title":{"rendered":"KONTAKT"},"content":{"rendered":"<address><strong>Sbor C\u00edrkve adventist\u016f sedm\u00e9ho dne Karlovy Vary<\/strong><\/address>\n<address>Plze\u0148sk\u00e1 49<\/address>\n<address>Karlovy Vary<\/address>\n<address>360 01<\/address>\n<address>I\u010c: 63555565<\/address>\n<address>&nbsp;<\/address>\n<address><strong>Miroslav B\u00edsek<\/strong><\/address>\n<address>kazatel sboru<br \/>\ntel.:&nbsp;&nbsp;+ 420&nbsp; 739 345 675<br \/>\ne-mail: <a href=\"mailto:p.simek@volny.cz\" target=\"_blank\" rel=\"noopener noreferrer\">mbisek@casd.cz<\/a><\/address>\n<address>&nbsp;<\/address>\n<address><strong>V\u00e1clav Erben<\/strong><\/address>\n<address>star\u0161\u00ed sboru<br \/>\ntel.: +420&nbsp; 731 753 859<\/address>\n<address>e-mail: <a href=\"mailto:vaclav.erben@seznam.cz\" target=\"_blank\" rel=\"noopener noreferrer\">vaclav.erben@seznam.cz<\/a><\/address>\n<address>&nbsp;<\/address>\n<address><strong>administr\u00e1tor webu:<\/strong>&nbsp;<a href=\"mailto:martinahurtova@hotmail.com\">martinahurtova@hotmail.com<\/a><\/address>\n<address>&nbsp;<\/address>\n<address><strong>Jak se k n\u00e1m dostanete:&nbsp;<\/strong>&nbsp;<\/address>\n<address>autem:&nbsp;<a href=\"http:\/\/www.mapy.cz\/s\/4p4H\" target=\"_blank\" rel=\"noopener noreferrer\">http:\/\/www.mapy.cz\/s\/4p4H<\/a><\/address>\n<address>MHD: bus \u010d.6, sm\u011br Doub\u00ed, zast\u00e1vka Plze\u0148sk\u00e1&nbsp; <a href=\"http:\/\/www.dpkv.cz\/cz\/jizdnirady\/006\/06.htm\" target=\"_blank\" rel=\"noopener noreferrer\">http:\/\/www.dpkv.cz\/cz\/jizdnirady\/006\/06.htm<\/a><\/address>\n<address>GPS sou\u0159adnice: 50\u00b013&#8217;15.8&#8243;N 12\u00b050&#8217;17.1&#8243;E <a style=\"font-family: Menlo, Consolas, monaco, monospace; font-size: 15px; white-space: pre-wrap;\" href=\"https:\/\/www.google.cz\/maps\/place\/50%C2%B013'15.8%22N+12%C2%B050'17.1%22E\/@50.2210569,12.8375358,19z\/data=!3m1!4b1!4m6!3m5!1s0x0:0x0!7e2!8m2!3d50.2210559!4d12.8380827\" target=\"_blank\" rel=\"noopener noreferrer\">zde<\/a><\/address>\n<address>&nbsp;<\/address>\n","protected":false},"excerpt":{"rendered":"<p>Sbor C\u00edrkve adventist\u016f sedm\u00e9ho dne Karlovy Vary Plze\u0148sk\u00e1 49 Karlovy Vary 360 01 I\u010c: 63555565 &nbsp; Miroslav B\u00edsek kazatel sboru tel.:&nbsp;&nbsp;+ 420&nbsp; 739 345 675 e-mail: mbisek@casd.cz &nbsp; V\u00e1clav Erben [&hellip;]<\/p>\n","protected":false},"author":58,"featured_media":0,"parent":0,"menu_order":3,"comment_status":"open","ping_status":"open","template":"","meta":{"_mi_skip_tracking":false,"_monsterinsights_sitenote_active":false,"_monsterinsights_sitenote_note":"","_monsterinsights_sitenote_category":0,"ngg_post_thumbnail":0,"footnotes":""},"class_list":["post-8","page","type-page","status-publish","hentry"],"_links":{"self":[{"href":"https:\/\/karlovyvary.casd.cz\/index.php?rest_route=\/wp\/v2\/pages\/8","targetHints":{"allow":["GET"]}}],"collection":[{"href":"https:\/\/karlovyvary.casd.cz\/index.php?rest_route=\/wp\/v2\/pages"}],"about":[{"href":"https:\/\/karlovyvary.casd.cz\/index.php?rest_route=\/wp\/v2\/types\/page"}],"author":[{"embeddable":true,"href":"https:\/\/karlovyvary.casd.cz\/index.php?rest_route=\/wp\/v2\/users\/58"}],"replies":[{"embeddable":true,"href":"https:\/\/karlovyvary.casd.cz\/index.php?rest_route=%2Fwp%2Fv2%2Fcomments&post=8"}],"version-history":[{"count":4,"href":"https:\/\/karlovyvary.casd.cz\/index.php?rest_route=\/wp\/v2\/pages\/8\/revisions"}],"predecessor-version":[{"id":11012,"href":"https:\/\/karlovyvary.casd.cz\/index.php?rest_route=\/wp\/v2\/pages\/8\/revisions\/11012"}],"wp:attachment":[{"href":"https:\/\/karlovyvary.casd.cz\/index.php?rest_route=%2Fwp%2Fv2%2Fmedia&parent=8"}],"curies":[{"name":"wp","href":"https:\/\/api.w.org\/{rel}","templated":true}]}}