{"id":6552,"date":"2016-03-26T15:32:19","date_gmt":"2016-03-26T14:32:19","guid":{"rendered":"http:\/\/karlovyvary.casd.cz\/?page_id=6552"},"modified":"2020-10-25T13:09:38","modified_gmt":"2020-10-25T12:09:38","slug":"kdo-jsme","status":"publish","type":"page","link":"https:\/\/karlovyvary.casd.cz\/?page_id=6552","title":{"rendered":"Kdo jsme?"},"content":{"rendered":"<p><b><i>Jsme k\u0159es\u0165ansk\u00fd sbor c\u00edrkve adventist\u016f sedm\u00e9ho dne <\/i><\/b><b><i>v Karlov\u00fdch Varech<\/i><\/b><\/p>\n<p><i>Chceme naplnit pot\u0159eby lid\u00ed \u017eij\u00edc\u00edch ve 21. stolet\u00ed. C\u00edrkev adventist\u016f sedm\u00e9ho dne vych\u00e1z\u00ed z u\u010den\u00ed a z\u00e1sad Bible, kterou pova\u017euje za inspirovan\u00e9 Bo\u017e\u00ed slovo (Bible, 2. List Timoteovi 3:16). 66 knih Star\u00e9ho a Nov\u00e9ho z\u00e1kona v Bibli lidem poskytuje v\u0161echny informace o Bo\u017e\u00edm pl\u00e1nu z\u00e1chrany v Je\u017e\u00ed\u0161i Kristu. Star\u00fd z\u00e1kon p\u0159edpov\u00edd\u00e1 p\u0159\u00edchod Mesi\u00e1\u0161e a Nov\u00fd z\u00e1kon dosv\u011bd\u010duje jeho \u017eivot. Bible lidem rad\u00ed, jak mohou nav\u00e1zat vztah s Bohem. Odhaluje smysl \u017eivota, rad\u00ed jak je mo\u017en\u00e9 zkvalitnit mezilidsk\u00e9 vztahy, co d\u011blat pro zlep\u0161en\u00ed sv\u00e9ho duchovn\u00edho, du\u0161evn\u00edho a t\u011blesn\u00e9ho zdrav\u00ed.<\/i><\/p>\n<p><i>V na\u0161em sboru nab\u00edz\u00edme pomoc, podporu a spole\u010densk\u00e9 vazby na cest\u011b duchovn\u00edho i osobn\u00edho r\u016fstu. <\/i><\/p>\n<p><i>V sobotu dopoledne v 9,30 hod. se setk\u00e1te <\/i><i>s nov\u00fdmi p\u0159\u00e1teli a pozn\u00e1te sv\u00e9 sousedy. M\u016f\u017eete se vz\u00e1jemn\u011b sd\u00edlet v diskuzn\u00edch skupin\u00e1ch na spiritu\u00e1ln\u00ed t\u00e9mata, nap\u0159. Co je v\u00edra? Jak se \u010dlov\u011bk m\u016f\u017ee kontaktovat <\/i><i>s Bohem? K \u010demu je dobr\u00e1 c\u00edrkev? apod. Jako pom\u016fcka v\u00e1m bude k dispozici ti\u0161t\u011bn\u00fd materi\u00e1l &#8222;Pr\u016fvodce studiem Bible&#8220;. <\/i><\/p>\n<p><i>V t\u00e9\u017ee dob\u011b m\u016f\u017eete sv\u011b\u0159it sv\u00e9 d\u011bti do p\u00e9\u010de nad\u0161en\u00fdch u\u010ditel\u016f ve skupin\u00e1ch podle v\u011bku &#8211; od p\u0159ed\u0161koln\u00edho v\u011bku cca 4 let a\u017e do 15 let &#8211; kde se jim budou v\u011bnovat vypr\u00e1v\u011bn\u00edm <\/i><i>s obr\u00e1zky biblick\u00fdch p\u0159\u00edb\u011bh\u016f,&nbsp; nap\u0159. o Davidovi a jin\u00e9, anebo malov\u00e1n\u00edm,&nbsp; zp\u011bvem a hudbou.<\/i><\/p>\n<p><i>V 10,50 hod. usly\u0161\u00edte pozitivn\u00ed a praktickou zv\u011bst, kter\u00e1 v\u00e1s ka\u017ed\u00fd t\u00fdden povzbud\u00ed.<\/i><\/p>\n<p><i>Mysl\u00edte si, \u017ee by n\u00e1v\u0161t\u011bva na\u0161eho sboru mohla b\u00fdt p\u0159\u00edjemn\u00e1? P\u0159ij\u010fte se pod\u00edvat. P\u0159ich\u00e1zej\u00ed zde lid\u00e9 z r\u016fzn\u00e9ho prost\u0159ed\u00ed, mlad\u00ed i senio\u0159i, rodiny s d\u011btmi i jednotlivci. Va\u0161e probl\u00e9my chceme br\u00e1t velmi v\u00e1\u017en\u011b. Jsme skupina p\u0159\u00e1telsk\u00fdch a spokojen\u00fdch lid\u00ed, kte\u0159\u00ed objevili radost k\u0159es\u0165ansk\u00e9ho \u017eivotn\u00edho stylu.<\/i><\/p>\n<address><strong>Sbor C\u00edrkve adventist\u016f sedm\u00e9ho dne Karlovy Vary<\/strong><\/address>\n<address>Plze\u0148sk\u00e1 49<\/address>\n<address>Karlovy Vary<\/address>\n<address>360 01<\/address>\n<address>&nbsp;<\/address>\n<address><strong>Pavel \u0160imek<\/strong><\/address>\n<address>kazatel sboru<br \/>\ntel.:&nbsp;&nbsp;+ 420&nbsp; 721 053 190<br \/>\ne-mail:&nbsp;<a href=\"mailto:p.simek@volny.cz\" target=\"_blank\" rel=\"noopener noreferrer\">p.simek@volny.cz<\/a><\/address>\n<address>&nbsp;<\/address>\n<address>&nbsp;<\/address>\n","protected":false},"excerpt":{"rendered":"<p>Jsme k\u0159es\u0165ansk\u00fd sbor c\u00edrkve adventist\u016f sedm\u00e9ho dne v Karlov\u00fdch Varech Chceme naplnit pot\u0159eby lid\u00ed \u017eij\u00edc\u00edch ve 21. stolet\u00ed. C\u00edrkev adventist\u016f sedm\u00e9ho dne vych\u00e1z\u00ed z u\u010den\u00ed a z\u00e1sad Bible, kterou pova\u017euje [&hellip;]<\/p>\n","protected":false},"author":1395,"featured_media":0,"parent":6545,"menu_order":0,"comment_status":"closed","ping_status":"closed","template":"","meta":{"_mi_skip_tracking":false,"_monsterinsights_sitenote_active":false,"_monsterinsights_sitenote_note":"","_monsterinsights_sitenote_category":0,"ngg_post_thumbnail":0,"footnotes":""},"class_list":["post-6552","page","type-page","status-publish","hentry"],"_links":{"self":[{"href":"https:\/\/karlovyvary.casd.cz\/index.php?rest_route=\/wp\/v2\/pages\/6552","targetHints":{"allow":["GET"]}}],"collection":[{"href":"https:\/\/karlovyvary.casd.cz\/index.php?rest_route=\/wp\/v2\/pages"}],"about":[{"href":"https:\/\/karlovyvary.casd.cz\/index.php?rest_route=\/wp\/v2\/types\/page"}],"author":[{"embeddable":true,"href":"https:\/\/karlovyvary.casd.cz\/index.php?rest_route=\/wp\/v2\/users\/1395"}],"replies":[{"embeddable":true,"href":"https:\/\/karlovyvary.casd.cz\/index.php?rest_route=%2Fwp%2Fv2%2Fcomments&post=6552"}],"version-history":[{"count":5,"href":"https:\/\/karlovyvary.casd.cz\/index.php?rest_route=\/wp\/v2\/pages\/6552\/revisions"}],"predecessor-version":[{"id":9517,"href":"https:\/\/karlovyvary.casd.cz\/index.php?rest_route=\/wp\/v2\/pages\/6552\/revisions\/9517"}],"up":[{"embeddable":true,"href":"https:\/\/karlovyvary.casd.cz\/index.php?rest_route=\/wp\/v2\/pages\/6545"}],"wp:attachment":[{"href":"https:\/\/karlovyvary.casd.cz\/index.php?rest_route=%2Fwp%2Fv2%2Fmedia&parent=6552"}],"curies":[{"name":"wp","href":"https:\/\/api.w.org\/{rel}","templated":true}]}}