{"id":6548,"date":"2016-03-26T15:16:19","date_gmt":"2016-03-26T14:16:19","guid":{"rendered":"http:\/\/karlovyvary.casd.cz\/?page_id=6548"},"modified":"2021-11-25T10:16:03","modified_gmt":"2021-11-25T09:16:03","slug":"odkazy","status":"publish","type":"page","link":"https:\/\/karlovyvary.casd.cz\/?page_id=6548","title":{"rendered":"Odkazy"},"content":{"rendered":"<p><strong>K\u0159es\u0165ansk\u00e1 nakladatelstv\u00ed a knihkupectv\u00ed:<\/strong><\/p>\n<p><a href=\"http:\/\/www.ekalich.cz\/\">Nakladatelstv\u00ed Kalich<\/a><br \/>\n<a href=\"http:\/\/www.adventorion.cz\/\">Nakladatelstv\u00ed Advent-Orion<\/a><\/p>\n<p><a href=\"http:\/\/www.navrat.cz\/\">Nakladatelstv\u00ed N\u00e1vrat dom\u016f<\/a><\/p>\n<p><a href=\"http:\/\/www.ivysehrad.cz\/\">Nakladatelstv\u00ed Vy\u0161ehrad<\/a><\/p>\n<p><a href=\"http:\/\/www.teofania.sk\/\">Internetov\u00fd obchod TEOFANIA<\/a><\/p>\n<p><strong>K\u0159es\u0165ansk\u00e9 televize a r\u00e1dia:<\/strong><\/p>\n<p><a href=\"http:\/\/www.hopetv.cz\/\">K\u0159es\u0165ansk\u00e1 internetov\u00e1 televize Hope TV<\/a><\/p>\n<p>K\u0159es\u0165ansk\u00e9 internetov\u00e9 r\u00e1dio AWR<\/p>\n<p><a href=\"http:\/\/twr.cz\/\">K\u0159es\u0165ansk\u00e9 internetov\u00e9 r\u00e1dio TWR<\/a><\/p>\n<p><strong>C\u00edrkev adventist\u016f s.d.:<\/strong><\/p>\n<p><a href=\"http:\/\/www.casd.cz\/\">Ofici\u00e1ln\u00ed str\u00e1nky C\u00edrkve adventist\u016f pro oblast \u010cesko-Slovensko<\/a><\/p>\n<p><a href=\"https:\/\/www.adventist.org\/en\/\" class=\"broken_link\">Ofici\u00e1ln\u00ed str\u00e1nky celosv\u011btov\u00e9 C\u00edrkve adventist\u016f s.d.<\/a><\/p>\n<p><a href=\"https:\/\/www.inriroad.org\/\">K\u0159es\u0165ansk\u00e1 studentsk\u00e1 organizace INRIroad<\/a><\/p>\n<p>&nbsp;<\/p>\n","protected":false},"excerpt":{"rendered":"<p>K\u0159es\u0165ansk\u00e1 nakladatelstv\u00ed a knihkupectv\u00ed: Nakladatelstv\u00ed Kalich Nakladatelstv\u00ed Advent-Orion Nakladatelstv\u00ed N\u00e1vrat dom\u016f Nakladatelstv\u00ed Vy\u0161ehrad Internetov\u00fd obchod TEOFANIA K\u0159es\u0165ansk\u00e9 televize a r\u00e1dia: K\u0159es\u0165ansk\u00e1 internetov\u00e1 televize Hope TV K\u0159es\u0165ansk\u00e9 internetov\u00e9 r\u00e1dio AWR K\u0159es\u0165ansk\u00e9 [&hellip;]<\/p>\n","protected":false},"author":1395,"featured_media":0,"parent":0,"menu_order":0,"comment_status":"closed","ping_status":"closed","template":"","meta":{"_mi_skip_tracking":false,"_monsterinsights_sitenote_active":false,"_monsterinsights_sitenote_note":"","_monsterinsights_sitenote_category":0,"ngg_post_thumbnail":0,"footnotes":""},"class_list":["post-6548","page","type-page","status-publish","hentry"],"_links":{"self":[{"href":"https:\/\/karlovyvary.casd.cz\/index.php?rest_route=\/wp\/v2\/pages\/6548","targetHints":{"allow":["GET"]}}],"collection":[{"href":"https:\/\/karlovyvary.casd.cz\/index.php?rest_route=\/wp\/v2\/pages"}],"about":[{"href":"https:\/\/karlovyvary.casd.cz\/index.php?rest_route=\/wp\/v2\/types\/page"}],"author":[{"embeddable":true,"href":"https:\/\/karlovyvary.casd.cz\/index.php?rest_route=\/wp\/v2\/users\/1395"}],"replies":[{"embeddable":true,"href":"https:\/\/karlovyvary.casd.cz\/index.php?rest_route=%2Fwp%2Fv2%2Fcomments&post=6548"}],"version-history":[{"count":5,"href":"https:\/\/karlovyvary.casd.cz\/index.php?rest_route=\/wp\/v2\/pages\/6548\/revisions"}],"predecessor-version":[{"id":10000,"href":"https:\/\/karlovyvary.casd.cz\/index.php?rest_route=\/wp\/v2\/pages\/6548\/revisions\/10000"}],"wp:attachment":[{"href":"https:\/\/karlovyvary.casd.cz\/index.php?rest_route=%2Fwp%2Fv2%2Fmedia&parent=6548"}],"curies":[{"name":"wp","href":"https:\/\/api.w.org\/{rel}","templated":true}]}}