{"id":5195,"date":"2014-11-23T15:48:26","date_gmt":"2014-11-23T14:48:26","guid":{"rendered":"http:\/\/karlovyvary.casd.cz\/?page_id=5195"},"modified":"2020-10-25T13:13:40","modified_gmt":"2020-10-25T12:13:40","slug":"klub-zdravi","status":"publish","type":"page","link":"https:\/\/karlovyvary.casd.cz\/?page_id=5195","title":{"rendered":"Klub zdrav\u00ed"},"content":{"rendered":"\n<p><\/p>\n\n\n\n<figure class=\"wp-block-image size-large is-resized\"><img loading=\"lazy\" decoding=\"async\" src=\"https:\/\/karlovyvary.casd.cz\/wp-content\/uploads\/kam-3-700x990.png\" alt=\"\" class=\"wp-image-9492\" width=\"480\" height=\"679\" srcset=\"https:\/\/karlovyvary.casd.cz\/wp-content\/uploads\/kam-3-700x990.png 700w, https:\/\/karlovyvary.casd.cz\/wp-content\/uploads\/kam-3-212x300.png 212w, https:\/\/karlovyvary.casd.cz\/wp-content\/uploads\/kam-3-768x1086.png 768w, https:\/\/karlovyvary.casd.cz\/wp-content\/uploads\/kam-3-1086x1536.png 1086w, https:\/\/karlovyvary.casd.cz\/wp-content\/uploads\/kam-3-1448x2048.png 1448w\" sizes=\"auto, (max-width: 480px) 100vw, 480px\" \/><\/figure>\n\n\n<address>Klub zdrav\u00ed Karlovy Vary<\/address><address>Plze\u0148sk\u00e1 49<\/address><address>360 01, Karlovy Vary (bus \u010d. 6)<\/address><address>&nbsp;<\/address><address>Kontaktn\u00ed osoba:<\/address><address>&nbsp;<\/address><address>&nbsp;<\/address><address><strong>Enoch&nbsp;Mart\u00ednek <\/strong>B. Th.<\/address><address>vedouc\u00ed Klubu zdrav\u00ed Karlovy Vary<\/address><address>tel.:&nbsp;&nbsp;+ 420&nbsp;&nbsp;724 255 803 (informace o \u010dinnosti a programech)<br \/>e-mail: <a href=\"mailto:enoch.martinek@seznam.cz\" target=\"_blank\" rel=\"noopener noreferrer\">Enoch.Martinek@seznam.cz<\/a><\/address><address>&nbsp;<\/address><address>&nbsp;<\/address><address>&nbsp;<\/address><address>&nbsp;<\/address><address>&nbsp;<\/address><address><strong>Zaj\u00edmav\u00e9 odkazy:<\/strong><\/address><address>&nbsp;<\/address><address>webov\u00e9 str\u00e1nky:<\/address><address><a href=\"http:\/\/www.klubyzdravi.cz\/\" target=\"_blank\" rel=\"noopener noreferrer\">Kluby zdrav\u00ed<\/a><\/address><address><a href=\"https:\/\/zivotnistylazdravi.webnode.cz\/\" target=\"_blank\" rel=\"noopener noreferrer\">\u017divotn\u00ed styl a zdrav\u00ed<\/a><\/address><address>&nbsp;<\/address><address>knihy:<\/address><address><a href=\"http:\/\/karlovyvary.casd.cz\/wp-content\/uploads\/kniha_pohoda_a_zdravi_ukazka-1.pdf\" target=\"_blank\" rel=\"noopener noreferrer\">Pohoda a zdrav\u00ed (uk\u00e1zka knihy)<\/a><\/address><address>kucha\u0159ka:<\/address><address><a href=\"http:\/\/karlovyvary.casd.cz\/wp-content\/uploads\/roman-uhrin-biokucharka-74.pdf\" target=\"_blank\" rel=\"noopener noreferrer\">Roman Uhrin: Biokucha\u0159ka<\/a><\/address><address>&nbsp;<\/address><address>magaz\u00edn PRAMENY ZDRAV\u00cd:<\/address><address><a href=\"http:\/\/karlovyvary.casd.cz\/wp-content\/uploads\/rz_01_civilizacni_choroby-1.pdf\" target=\"_blank\" rel=\"noopener noreferrer\">Civiliza\u010dn\u00ed choroby<\/a><\/address><address><a href=\"http:\/\/karlovyvary.casd.cz\/wp-content\/uploads\/rz_02_nemoci_srdce_a_cev-1.pdf\" target=\"_blank\" rel=\"noopener noreferrer\">Nemoci srdce a c\u00e9v<\/a><\/address><address><a href=\"http:\/\/karlovyvary.casd.cz\/wp-content\/uploads\/rz_07_nadvaha-1.pdf\" target=\"_blank\" rel=\"noopener noreferrer\">Nadv\u00e1ha <\/a><\/address><address>&nbsp;<\/address><address>&nbsp;<\/address><address><a href=\"http:\/\/karlovyvary.casd.cz\/?attachment_id=5829\" target=\"_blank\" rel=\"attachment noopener wp-att-5829 noreferrer\">Rok zdrav\u00ed (plag\u00e1t)<\/a><\/address><address>&nbsp;<\/address>\n<h2>&nbsp;<\/h2>\n<p>&nbsp;<\/p>\n<p>&nbsp;<\/p>\n<p>&nbsp;<\/p>\n<p style=\"text-align: center;\">&nbsp;<\/p>\n<p style=\"text-align: center;\">&nbsp;<\/p>\n<address>&nbsp;<\/address><address>&nbsp;<\/address><address>&nbsp;<\/address><address>&nbsp;<\/address>","protected":false},"excerpt":{"rendered":"<p>Klub zdrav\u00ed Karlovy Vary Plze\u0148sk\u00e1 49 360 01, Karlovy Vary (bus \u010d. 6) &nbsp; Kontaktn\u00ed osoba: &nbsp; &nbsp; Enoch&nbsp;Mart\u00ednek B. Th. vedouc\u00ed Klubu zdrav\u00ed Karlovy Vary tel.:&nbsp;&nbsp;+ 420&nbsp;&nbsp;724 255 803 [&hellip;]<\/p>\n","protected":false},"author":58,"featured_media":0,"parent":0,"menu_order":0,"comment_status":"open","ping_status":"open","template":"","meta":{"_mi_skip_tracking":false,"_monsterinsights_sitenote_active":false,"_monsterinsights_sitenote_note":"","_monsterinsights_sitenote_category":0,"ngg_post_thumbnail":0,"footnotes":""},"class_list":["post-5195","page","type-page","status-publish","hentry"],"_links":{"self":[{"href":"https:\/\/karlovyvary.casd.cz\/index.php?rest_route=\/wp\/v2\/pages\/5195","targetHints":{"allow":["GET"]}}],"collection":[{"href":"https:\/\/karlovyvary.casd.cz\/index.php?rest_route=\/wp\/v2\/pages"}],"about":[{"href":"https:\/\/karlovyvary.casd.cz\/index.php?rest_route=\/wp\/v2\/types\/page"}],"author":[{"embeddable":true,"href":"https:\/\/karlovyvary.casd.cz\/index.php?rest_route=\/wp\/v2\/users\/58"}],"replies":[{"embeddable":true,"href":"https:\/\/karlovyvary.casd.cz\/index.php?rest_route=%2Fwp%2Fv2%2Fcomments&post=5195"}],"version-history":[{"count":5,"href":"https:\/\/karlovyvary.casd.cz\/index.php?rest_route=\/wp\/v2\/pages\/5195\/revisions"}],"predecessor-version":[{"id":9521,"href":"https:\/\/karlovyvary.casd.cz\/index.php?rest_route=\/wp\/v2\/pages\/5195\/revisions\/9521"}],"wp:attachment":[{"href":"https:\/\/karlovyvary.casd.cz\/index.php?rest_route=%2Fwp%2Fv2%2Fmedia&parent=5195"}],"curies":[{"name":"wp","href":"https:\/\/api.w.org\/{rel}","templated":true}]}}